{"id":2787,"date":"2023-11-20T16:01:11","date_gmt":"2023-11-20T15:01:11","guid":{"rendered":"https:\/\/elgatpelut.cat\/informiaucion\/"},"modified":"2025-09-05T13:59:01","modified_gmt":"2025-09-05T11:59:01","slug":"informiaucion","status":"publish","type":"page","link":"https:\/\/www.elgatpelut.cat\/es\/informiaucion\/","title":{"rendered":"Informiauci\u00f3n"},"content":{"rendered":"<p>[et_pb_section fb_built=\u00bb1&#8243; _builder_version=\u00bb4.23&#8243; _module_preset=\u00bbdefault\u00bb custom_padding=\u00bb||0px||false|false\u00bb global_colors_info=\u00bb{}\u00bb][et_pb_row _builder_version=\u00bb4.23&#8243; _module_preset=\u00bbdefault\u00bb custom_padding=\u00bb3em||3em||true|false\u00bb locked=\u00bboff\u00bb global_colors_info=\u00bb{}\u00bb][et_pb_column type=\u00bb4_4&#8243; _builder_version=\u00bb4.23&#8243; _module_preset=\u00bbdefault\u00bb global_colors_info=\u00bb{}\u00bb][et_pb_text _builder_version=\u00bb4.23&#8243; _module_preset=\u00bbdefault\u00bb text_font=\u00bbJosefin Sans||||||||\u00bb text_font_size=\u00bb16px\u00bb header_font=\u00bbJosefin Sans||||||||\u00bb header_text_align=\u00bbcenter\u00bb header_text_color=\u00bb#000000&#8243; header_font_size=\u00bb80px\u00bb header_2_text_align=\u00bbcenter\u00bb header_2_text_color=\u00bb#000000&#8243; header_2_font_size=\u00bb34px\u00bb custom_margin=\u00bb||1em||false|false\u00bb global_colors_info=\u00bb{}\u00bb]<\/p>\n<h2 class=\"title-heading-left fusion-responsive-typography-calculated\" data-fontsize=\"90\" data-lineheight=\"108px\">Infor<em>miau<\/em>ci\u00f3n<\/h2>\n<p>[\/et_pb_text][\/et_pb_column][\/et_pb_row][\/et_pb_section][et_pb_section fb_built=\u00bb1&#8243; module_id=\u00bbseccion-informacion\u00bb _builder_version=\u00bb4.23&#8243; _module_preset=\u00bbdefault\u00bb custom_margin=\u00bb||0px||false|false\u00bb custom_padding=\u00bb0px||0px||true|false\u00bb locked=\u00bboff\u00bb global_colors_info=\u00bb{}\u00bb][et_pb_row column_structure=\u00bb1_2,1_2&#8243; custom_padding_last_edited=\u00bbon|tablet\u00bb _builder_version=\u00bb4.23&#8243; _module_preset=\u00bbdefault\u00bb width=\u00bb90%\u00bb custom_padding_tablet=\u00bb0px||||false|false\u00bb custom_padding_phone=\u00bb0px||||false|false\u00bb global_colors_info=\u00bb{}\u00bb custom_css_main_element_last_edited=\u00bbon|tablet\u00bb custom_css_main_element_tablet=\u00bbdisplay:flex;||flex-flow:column-reverse;\u00bb custom_css_main_element_phone=\u00bbdisplay:flex;||flex-flow:column-reverse;\u00bb][et_pb_column type=\u00bb1_2&#8243; _builder_version=\u00bb4.23&#8243; _module_preset=\u00bbdefault\u00bb global_colors_info=\u00bb{}\u00bb][et_pb_text _builder_version=\u00bb4.23&#8243; _module_preset=\u00bbdefault\u00bb text_font=\u00bbJosefin Sans||||||||\u00bb text_font_size=\u00bb16px\u00bb header_font=\u00bbJosefin Sans||||||||\u00bb header_text_align=\u00bbcenter\u00bb header_text_color=\u00bb#000000&#8243; header_font_size=\u00bb80px\u00bb header_2_text_color=\u00bb#000000&#8243; custom_margin=\u00bb||1em||false|false\u00bb locked=\u00bboff\u00bb global_colors_info=\u00bb{}\u00bb]<\/p>\n<h3>\u00a1D\u00f3nde hay pelo hay alegr\u00eda!<\/h3>\n<p>[\/et_pb_text][et_pb_text _builder_version=\u00bb4.23&#8243; _module_preset=\u00bbdefault\u00bb text_font=\u00bbJosefin Sans||||||||\u00bb link_text_color=\u00bb#8aa93d\u00bb header_font=\u00bbJosefin Sans||||||||\u00bb header_text_align=\u00bbcenter\u00bb header_text_color=\u00bb#000000&#8243; header_font_size=\u00bb80px\u00bb header_2_text_color=\u00bb#000000&#8243; locked=\u00bboff\u00bb global_colors_info=\u00bb{}\u00bb]<\/p>\n<p>\u00a1Llegamos a Les Corts con muchas ganas de llevar al barrio nuestro amor por la letra escrita! Nos maullan los libros pero sobre todo queremos que cada ni\u00f1o, ni\u00f1a, padre, madre, abuelo, abuela, gato, t\u00eda, perro o madrina encuentre su libro. El libro que pone los pelos de punta y hace gozar de la buena Literatura.<\/p>\n<p><\/p>\n<p>Gat Pelut es una librer\u00eda donde podr\u00e1s relajarte haciendo un caf\u00e9 mientras eliges tu libro y donde podr\u00e1s hojear las p\u00e1ginas de tu pr\u00f3xima lectura. \u00a1Sin prisas!<\/p>\n<p><\/p>\n<p>\u00a1Te esperamos!<\/p>\n<p><\/p>\n<p><a href=\"https:\/\/maps.app.goo.gl\/vdUQG2cv7gf3zKAV9\">Estamos en la calle Caballero, 58 de Barcelona<\/a><\/p>\n<p>[\/et_pb_text][et_pb_button button_url=\u00bb@ET-DC@eyJkeW5hbWljIjp0cnVlLCJjb250ZW50IjoicG9zdF9saW5rX3VybF9wYWdlIiwic2V0dGluZ3MiOnsicG9zdF9pZCI6IjI3NyJ9fQ==@\u00bb button_text=\u00bbContacta ahora\u00bb button_alignment=\u00bbleft\u00bb _builder_version=\u00bb4.23&#8243; _dynamic_attributes=\u00bbbutton_url\u00bb _module_preset=\u00bbdefault\u00bb custom_button=\u00bbon\u00bb button_text_size=\u00bb14px\u00bb button_text_color=\u00bb#FFFFFF\u00bb button_bg_color=\u00bb#8aa93d\u00bb button_border_width=\u00bb0px\u00bb button_border_radius=\u00bb0px\u00bb button_font=\u00bbJosefin Sans|300||on|||||\u00bb button_use_icon=\u00bboff\u00bb custom_padding=\u00bb0.6em|1em|0.6em|1em|true|true\u00bb hover_enabled=\u00bb0&#8243; locked=\u00bboff\u00bb global_colors_info=\u00bb{}\u00bb sticky_enabled=\u00bb0&#8243;][\/et_pb_button][\/et_pb_column][et_pb_column type=\u00bb1_2&#8243; _builder_version=\u00bb4.23&#8243; _module_preset=\u00bbdefault\u00bb global_colors_info=\u00bb{}\u00bb][et_pb_image src=\u00bbhttps:\/\/www.elgatpelut.cat\/wp-content\/uploads\/2023\/11\/llibreria-1-el-gat-pelut.webp\u00bb title_text=\u00bbllibreria-1-el-gat-pelut\u00bb align_tablet=\u00bbcenter\u00bb align_phone=\u00bbcenter\u00bb align_last_edited=\u00bbon|tablet\u00bb _builder_version=\u00bb4.23&#8243; _module_preset=\u00bbdefault\u00bb custom_margin_tablet=\u00bb||2em||false|false\u00bb custom_margin_phone=\u00bb||2em||false|false\u00bb custom_margin_last_edited=\u00bbon|tablet\u00bb global_colors_info=\u00bb{}\u00bb][\/et_pb_image][\/et_pb_column][\/et_pb_row][\/et_pb_section]<\/p>\n","protected":false},"excerpt":{"rendered":"<p>Informiauci\u00f3n\u00a1D\u00f3nde hay pelo hay alegr\u00eda!\u00a1Llegamos a Les Corts con muchas ganas de llevar al barrio nuestro amor por la letra escrita! Nos maullan los libros pero sobre todo queremos que cada ni\u00f1o, ni\u00f1a, padre, madre, abuelo, abuela, gato, t\u00eda, perro o madrina encuentre su libro. El libro que pone los pelos de punta y hace [&hellip;]<\/p>\n","protected":false},"author":1,"featured_media":0,"parent":0,"menu_order":0,"comment_status":"closed","ping_status":"closed","template":"","meta":{"_et_pb_use_builder":"on","_et_pb_old_content":"","_et_gb_content_width":"","inline_featured_image":false,"footnotes":""},"class_list":["post-2787","page","type-page","status-publish","hentry"],"acf":[],"yoast_head":"<!-- This site is optimized with the Yoast SEO plugin v27.5 - https:\/\/yoast.com\/product\/yoast-seo-wordpress\/ -->\n<title>Informiauci\u00f3n - El Gat Pelut<\/title>\n<meta name=\"description\" content=\"\u00a1Llegamos a Les Corts con muchas ganas de llevar al barrio nuestro amor por la letra escrita! Nos maullan los libros pero sobre todo queremos que encuentres tu libro.\" \/>\n<meta name=\"robots\" content=\"index, follow, max-snippet:-1, max-image-preview:large, max-video-preview:-1\" \/>\n<link rel=\"canonical\" href=\"https:\/\/www.elgatpelut.cat\/es\/informiaucion\/\" \/>\n<meta property=\"og:locale\" content=\"es_ES\" \/>\n<meta property=\"og:type\" content=\"article\" \/>\n<meta property=\"og:title\" content=\"Informiauci\u00f3n - El Gat Pelut\" \/>\n<meta property=\"og:description\" content=\"\u00a1Llegamos a Les Corts con muchas ganas de llevar al barrio nuestro amor por la letra escrita! Nos maullan los libros pero sobre todo queremos que encuentres tu libro.\" \/>\n<meta property=\"og:url\" content=\"https:\/\/www.elgatpelut.cat\/es\/informiaucion\/\" \/>\n<meta property=\"og:site_name\" content=\"El Gat Pelut\" \/>\n<meta property=\"article:modified_time\" content=\"2025-09-05T11:59:01+00:00\" \/>\n<meta name=\"twitter:card\" content=\"summary_large_image\" \/>\n<meta name=\"twitter:label1\" content=\"Tiempo de lectura\" \/>\n\t<meta name=\"twitter:data1\" content=\"3 minutos\" \/>\n<script type=\"application\/ld+json\" class=\"yoast-schema-graph\">{\"@context\":\"https:\\\/\\\/schema.org\",\"@graph\":[{\"@type\":\"WebPage\",\"@id\":\"https:\\\/\\\/www.elgatpelut.cat\\\/es\\\/informiaucion\\\/\",\"url\":\"https:\\\/\\\/www.elgatpelut.cat\\\/es\\\/informiaucion\\\/\",\"name\":\"Informiauci\u00f3n - El Gat Pelut\",\"isPartOf\":{\"@id\":\"https:\\\/\\\/www.elgatpelut.cat\\\/#website\"},\"datePublished\":\"2023-11-20T15:01:11+00:00\",\"dateModified\":\"2025-09-05T11:59:01+00:00\",\"description\":\"\u00a1Llegamos a Les Corts con muchas ganas de llevar al barrio nuestro amor por la letra escrita! Nos maullan los libros pero sobre todo queremos que encuentres tu libro.\",\"breadcrumb\":{\"@id\":\"https:\\\/\\\/www.elgatpelut.cat\\\/es\\\/informiaucion\\\/#breadcrumb\"},\"inLanguage\":\"es\",\"potentialAction\":[{\"@type\":\"ReadAction\",\"target\":[\"https:\\\/\\\/www.elgatpelut.cat\\\/es\\\/informiaucion\\\/\"]}]},{\"@type\":\"BreadcrumbList\",\"@id\":\"https:\\\/\\\/www.elgatpelut.cat\\\/es\\\/informiaucion\\\/#breadcrumb\",\"itemListElement\":[{\"@type\":\"ListItem\",\"position\":1,\"name\":\"Portada\",\"item\":\"https:\\\/\\\/www.elgatpelut.cat\\\/es\\\/\"},{\"@type\":\"ListItem\",\"position\":2,\"name\":\"Informiauci\u00f3n\"}]},{\"@type\":\"WebSite\",\"@id\":\"https:\\\/\\\/www.elgatpelut.cat\\\/#website\",\"url\":\"https:\\\/\\\/www.elgatpelut.cat\\\/\",\"name\":\"El Gat Pelut\",\"description\":\"La teva llibreria de Les Corts\",\"potentialAction\":[{\"@type\":\"SearchAction\",\"target\":{\"@type\":\"EntryPoint\",\"urlTemplate\":\"https:\\\/\\\/www.elgatpelut.cat\\\/?s={search_term_string}\"},\"query-input\":{\"@type\":\"PropertyValueSpecification\",\"valueRequired\":true,\"valueName\":\"search_term_string\"}}],\"inLanguage\":\"es\"}]}<\/script>\n<!-- \/ Yoast SEO plugin. -->","yoast_head_json":{"title":"Informiauci\u00f3n - El Gat Pelut","description":"\u00a1Llegamos a Les Corts con muchas ganas de llevar al barrio nuestro amor por la letra escrita! Nos maullan los libros pero sobre todo queremos que encuentres tu libro.","robots":{"index":"index","follow":"follow","max-snippet":"max-snippet:-1","max-image-preview":"max-image-preview:large","max-video-preview":"max-video-preview:-1"},"canonical":"https:\/\/www.elgatpelut.cat\/es\/informiaucion\/","og_locale":"es_ES","og_type":"article","og_title":"Informiauci\u00f3n - El Gat Pelut","og_description":"\u00a1Llegamos a Les Corts con muchas ganas de llevar al barrio nuestro amor por la letra escrita! Nos maullan los libros pero sobre todo queremos que encuentres tu libro.","og_url":"https:\/\/www.elgatpelut.cat\/es\/informiaucion\/","og_site_name":"El Gat Pelut","article_modified_time":"2025-09-05T11:59:01+00:00","twitter_card":"summary_large_image","twitter_misc":{"Tiempo de lectura":"3 minutos"},"schema":{"@context":"https:\/\/schema.org","@graph":[{"@type":"WebPage","@id":"https:\/\/www.elgatpelut.cat\/es\/informiaucion\/","url":"https:\/\/www.elgatpelut.cat\/es\/informiaucion\/","name":"Informiauci\u00f3n - El Gat Pelut","isPartOf":{"@id":"https:\/\/www.elgatpelut.cat\/#website"},"datePublished":"2023-11-20T15:01:11+00:00","dateModified":"2025-09-05T11:59:01+00:00","description":"\u00a1Llegamos a Les Corts con muchas ganas de llevar al barrio nuestro amor por la letra escrita! Nos maullan los libros pero sobre todo queremos que encuentres tu libro.","breadcrumb":{"@id":"https:\/\/www.elgatpelut.cat\/es\/informiaucion\/#breadcrumb"},"inLanguage":"es","potentialAction":[{"@type":"ReadAction","target":["https:\/\/www.elgatpelut.cat\/es\/informiaucion\/"]}]},{"@type":"BreadcrumbList","@id":"https:\/\/www.elgatpelut.cat\/es\/informiaucion\/#breadcrumb","itemListElement":[{"@type":"ListItem","position":1,"name":"Portada","item":"https:\/\/www.elgatpelut.cat\/es\/"},{"@type":"ListItem","position":2,"name":"Informiauci\u00f3n"}]},{"@type":"WebSite","@id":"https:\/\/www.elgatpelut.cat\/#website","url":"https:\/\/www.elgatpelut.cat\/","name":"El Gat Pelut","description":"La teva llibreria de Les Corts","potentialAction":[{"@type":"SearchAction","target":{"@type":"EntryPoint","urlTemplate":"https:\/\/www.elgatpelut.cat\/?s={search_term_string}"},"query-input":{"@type":"PropertyValueSpecification","valueRequired":true,"valueName":"search_term_string"}}],"inLanguage":"es"}]}},"_links":{"self":[{"href":"https:\/\/www.elgatpelut.cat\/es\/wp-json\/wp\/v2\/pages\/2787","targetHints":{"allow":["GET"]}}],"collection":[{"href":"https:\/\/www.elgatpelut.cat\/es\/wp-json\/wp\/v2\/pages"}],"about":[{"href":"https:\/\/www.elgatpelut.cat\/es\/wp-json\/wp\/v2\/types\/page"}],"author":[{"embeddable":true,"href":"https:\/\/www.elgatpelut.cat\/es\/wp-json\/wp\/v2\/users\/1"}],"replies":[{"embeddable":true,"href":"https:\/\/www.elgatpelut.cat\/es\/wp-json\/wp\/v2\/comments?post=2787"}],"version-history":[{"count":9,"href":"https:\/\/www.elgatpelut.cat\/es\/wp-json\/wp\/v2\/pages\/2787\/revisions"}],"predecessor-version":[{"id":3652,"href":"https:\/\/www.elgatpelut.cat\/es\/wp-json\/wp\/v2\/pages\/2787\/revisions\/3652"}],"wp:attachment":[{"href":"https:\/\/www.elgatpelut.cat\/es\/wp-json\/wp\/v2\/media?parent=2787"}],"curies":[{"name":"wp","href":"https:\/\/api.w.org\/{rel}","templated":true}]}}