{"id":2770,"date":"2023-11-20T16:09:41","date_gmt":"2023-11-20T15:09:41","guid":{"rendered":"https:\/\/elgatpelut.cat\/contacta-es\/"},"modified":"2023-12-19T17:01:35","modified_gmt":"2023-12-19T16:01:35","slug":"contacta","status":"publish","type":"page","link":"https:\/\/www.elgatpelut.cat\/es\/contacta\/","title":{"rendered":"Contacta"},"content":{"rendered":"<p>[et_pb_section fb_built=\u00bb1&#8243; _builder_version=\u00bb4.23&#8243; _module_preset=\u00bbdefault\u00bb custom_padding=\u00bb||0px||false|false\u00bb global_colors_info=\u00bb{}\u00bb][et_pb_row _builder_version=\u00bb4.23&#8243; _module_preset=\u00bbdefault\u00bb custom_padding=\u00bb3em||3em||true|false\u00bb locked=\u00bboff\u00bb global_colors_info=\u00bb{}\u00bb][et_pb_column type=\u00bb4_4&#8243; _builder_version=\u00bb4.23&#8243; _module_preset=\u00bbdefault\u00bb global_colors_info=\u00bb{}\u00bb][et_pb_text _builder_version=\u00bb4.23&#8243; _module_preset=\u00bbdefault\u00bb text_font=\u00bbJosefin Sans||||||||\u00bb text_font_size=\u00bb16px\u00bb header_font=\u00bbJosefin Sans||||||||\u00bb header_text_align=\u00bbcenter\u00bb header_text_color=\u00bb#000000&#8243; header_font_size=\u00bb80px\u00bb header_2_text_align=\u00bbcenter\u00bb header_2_text_color=\u00bb#000000&#8243; header_2_font_size=\u00bb34px\u00bb custom_margin=\u00bb||1em||false|false\u00bb global_colors_info=\u00bb{}\u00bb]<\/p>\n<h2 class=\"title-heading-left fusion-responsive-typography-calculated\" data-fontsize=\"90\" data-lineheight=\"108px\">Contacta<\/h2>\n<p>[\/et_pb_text][\/et_pb_column][\/et_pb_row][\/et_pb_section][et_pb_section fb_built=\u00bb1&#8243; module_id=\u00bbform-home\u00bb module_class=\u00bbseccion-contacto\u00bb _builder_version=\u00bb4.23&#8243; _module_preset=\u00bbdefault\u00bb background_color=\u00bb#75afce\u00bb custom_padding=\u00bb0px||0px||true|false\u00bb saved_tabs=\u00bball\u00bb global_colors_info=\u00bb{}\u00bb][et_pb_row column_structure=\u00bb1_2,1_2&#8243; _builder_version=\u00bb4.23&#8243; _module_preset=\u00bbdefault\u00bb width=\u00bb90%\u00bb custom_padding=\u00bb3em||3em||true|false\u00bb global_colors_info=\u00bb{}\u00bb][et_pb_column type=\u00bb1_2&#8243; _builder_version=\u00bb4.23&#8243; _module_preset=\u00bbdefault\u00bb custom_css_main_element=\u00bbdisplay:flex;||flex-flow:wrap;\u00bb global_colors_info=\u00bb{}\u00bb][et_pb_text _builder_version=\u00bb4.23&#8243; _module_preset=\u00bbdefault\u00bb text_font=\u00bbJosefin Sans|300||on|||||\u00bb text_text_color=\u00bb#FFFFFF\u00bb text_font_size=\u00bb12px\u00bb header_font=\u00bbJosefin Sans||||||||\u00bb header_text_align=\u00bbcenter\u00bb header_text_color=\u00bb#000000&#8243; header_font_size=\u00bb80px\u00bb header_2_text_color=\u00bb#000000&#8243; header_2_font_size=\u00bb34px\u00bb width=\u00bb100%\u00bb custom_margin=\u00bb||1em||false|false\u00bb global_colors_info=\u00bb{}\u00bb]<\/p>\n<p class=\"title-heading-left fusion-responsive-typography-calculated\" data-fontsize=\"90\" data-lineheight=\"108px\">\u00bfQu\u00e9 maulleres?<\/p>\n<p>[\/et_pb_text][et_pb_text _builder_version=\u00bb4.23&#8243; _module_preset=\u00bbdefault\u00bb text_font=\u00bbJosefin Sans||||||||\u00bb text_font_size=\u00bb16px\u00bb header_font=\u00bbJosefin Sans||||||||\u00bb header_text_align=\u00bbcenter\u00bb header_text_color=\u00bb#000000&#8243; header_font_size=\u00bb80px\u00bb header_2_text_color=\u00bb#FFFFFF\u00bb header_2_font_size=\u00bb34px\u00bb width=\u00bb100%\u00bb custom_margin=\u00bb||1em||false|false\u00bb global_colors_info=\u00bb{}\u00bb]<\/p>\n<h2 class=\"title-heading-left fusion-responsive-typography-calculated\" data-fontsize=\"90\" data-lineheight=\"108px\">El Gat Pelut responde<\/h2>\n<p>[\/et_pb_text][et_pb_text _builder_version=\u00bb4.23&#8243; _module_preset=\u00bbdefault\u00bb text_font=\u00bbJosefin Sans|300|||||||\u00bb text_text_color=\u00bb#FFFFFF\u00bb link_text_color=\u00bb#FFFFFF\u00bb header_font=\u00bbJosefin Sans||||||||\u00bb header_text_align=\u00bbcenter\u00bb header_text_color=\u00bb#000000&#8243; header_font_size=\u00bb80px\u00bb header_2_text_color=\u00bb#000000&#8243; global_colors_info=\u00bb{}\u00bb]<\/p>\n<p>Contacta con El Gat Pelut para cualquier tema: encargos, propuestas de actividades, preguntas, inscripciones en nuestra newsletter, presentaciones de tu libro o invitaciones a tomar un caf\u00e9 en la librera.<\/p>\n<p>Puedes venir en metro (L3), autob\u00fas (l\u00edneas 54, H10, V5, V7, 78,\u2026), caminando desde la parada del tranv\u00eda de Numancia-Illa Diagonal o desde la Estaci\u00f3n de Sants.<\/p>\n<p>Nos pod\u00e9is maullar por tel\u00e9fono al <a href=\"tel:+34634529866\"><strong>634 529 866<\/strong><\/a> y por mail a <a href=\"mailto:info@elgatpelut.cat\"><strong>info@elgatpelut.cat<\/strong><\/a>.<\/p>\n<p>[\/et_pb_text][et_pb_text module_class=\u00bbhorario\u00bb _builder_version=\u00bb4.23&#8243; _module_preset=\u00bbdefault\u00bb text_font=\u00bbJosefin Sans|300|||||||\u00bb text_text_color=\u00bb#FFFFFF\u00bb text_font_size=\u00bb18px\u00bb custom_padding=\u00bb|||4em|false|false\u00bb custom_css_main_element=\u00bbmax-width:fit-content;\u00bb global_colors_info=\u00bb{}\u00bb]<\/p>\n<blockquote>\n<p>Horario Pelut<\/p>\n<\/blockquote>\n<p><strong>De lunes a viernes<\/strong><br \/>10:00 a 13:30h<br \/>17:00 a 20:00h<br \/><strong>S\u00e1bado<\/strong><br \/>10:00 a 13:30h<\/p>\n<p>[\/et_pb_text][et_pb_image src=\u00bbhttps:\/\/elgatpelut.cat\/wp-content\/uploads\/2023\/11\/cercle-el-gat-pelut.svg\u00bb title_text=\u00bbcercle-el-gat-pelut\u00bb module_class=\u00bbgato-horario\u00bb _builder_version=\u00bb4.23&#8243; _module_preset=\u00bbdefault\u00bb width=\u00bb140px\u00bb max_width=\u00bb150px\u00bb module_alignment=\u00bbcenter\u00bb custom_css_main_element=\u00bbdisplay:grid;||align-items:center;\u00bb global_colors_info=\u00bb{}\u00bb][\/et_pb_image][\/et_pb_column][et_pb_column type=\u00bb1_2&#8243; _builder_version=\u00bb4.23&#8243; _module_preset=\u00bbdefault\u00bb global_colors_info=\u00bb{}\u00bb][et_pb_code _builder_version=\u00bb4.23&#8243; _module_preset=\u00bbdefault\u00bb background_color=\u00bb#FFFFFF\u00bb custom_padding=\u00bb4em|4em|1em|4em|false|true\u00bb global_colors_info=\u00bb{}\u00bb]<\/p>\n<h5>Formulario<\/h5>\n<p><!-- [et_pb_line_break_holder] --><!-- [et_pb_line_break_holder] --><!-- [et_pb_line_break_holder] --><\/p>\n<h4>Contacta con El Gat Pelut<\/h4>\n<p><!-- [et_pb_line_break_holder] --><!-- [et_pb_line_break_holder] --><!-- [et_pb_line_break_holder] --><pee>\n<div class=\"wpcf7 no-js\" id=\"wpcf7-f2769-o1\" lang=\"es-ES\" dir=\"ltr\" data-wpcf7-id=\"2769\">\n<div class=\"screen-reader-response\"><p role=\"status\" aria-live=\"polite\" aria-atomic=\"true\"><\/p> <ul><\/ul><\/div>\n<form action=\"\/es\/wp-json\/wp\/v2\/pages\/2770#wpcf7-f2769-o1\" method=\"post\" class=\"wpcf7-form init\" aria-label=\"Formulario de contacto\" novalidate=\"novalidate\" data-status=\"init\">\n<fieldset class=\"hidden-fields-container\"><input type=\"hidden\" name=\"_wpcf7\" value=\"2769\" \/><input type=\"hidden\" name=\"_wpcf7_version\" value=\"6.1.5\" \/><input type=\"hidden\" name=\"_wpcf7_locale\" value=\"es_ES\" \/><input type=\"hidden\" name=\"_wpcf7_unit_tag\" value=\"wpcf7-f2769-o1\" \/><input type=\"hidden\" name=\"_wpcf7_container_post\" value=\"0\" \/><input type=\"hidden\" name=\"_wpcf7_posted_data_hash\" value=\"\" \/>\n<\/fieldset>\n<div class=\"form-full\">\n\t<p><label><span class=\"wpcf7-form-control-wrap\" data-name=\"your-name\"><input size=\"40\" maxlength=\"400\" class=\"wpcf7-form-control wpcf7-text wpcf7-validates-as-required\" autocomplete=\"name\" aria-required=\"true\" aria-invalid=\"false\" placeholder=\"Nombre *\" value=\"\" type=\"text\" name=\"your-name\" \/><\/span> <\/label><br \/>\n<label><span class=\"wpcf7-form-control-wrap\" data-name=\"your-email\"><input size=\"40\" maxlength=\"400\" class=\"wpcf7-form-control wpcf7-email wpcf7-validates-as-required wpcf7-text wpcf7-validates-as-email\" autocomplete=\"email\" aria-required=\"true\" aria-invalid=\"false\" placeholder=\"Email *\" value=\"\" type=\"email\" name=\"your-email\" \/><\/span> <\/label><br \/>\n<label><span class=\"wpcf7-form-control-wrap\" data-name=\"telefono\"><input size=\"40\" maxlength=\"400\" class=\"wpcf7-form-control wpcf7-tel wpcf7-validates-as-required wpcf7-text wpcf7-validates-as-tel\" autocomplete=\"phone\" aria-required=\"true\" aria-invalid=\"false\" placeholder=\"Tel\u00e9fono *\" value=\"\" type=\"tel\" name=\"telefono\" \/><\/span> <\/label><br \/>\n<label><span class=\"wpcf7-form-control-wrap\" data-name=\"mensaje\"><textarea cols=\"40\" rows=\"10\" maxlength=\"2000\" class=\"wpcf7-form-control wpcf7-textarea\" aria-invalid=\"false\" placeholder=\"Escribe aqu\u00ed tu mensaje...\" name=\"mensaje\"><\/textarea><\/span> <\/label><br \/>\n<small>* Los campos marcados con asterisco son obligatorios.<\/small>\n\t<\/p>\n<\/div>\n<div class=\"form-full\">\n\t<div class=\"privacidad\">\n\t\t<p><label><span class=\"wpcf7-form-control-wrap\" data-name=\"privacidad\"><span class=\"wpcf7-form-control wpcf7-acceptance\"><span class=\"wpcf7-list-item\"><input type=\"checkbox\" name=\"privacidad\" value=\"1\" aria-invalid=\"false\" \/><\/span><\/span><\/span> He le\u00eddo y acepto la <a href=\"\/politica-de-privacidad\/\" target=\"_blank\" rel=\"noopener\">pol\u00edtica de privacidad<\/a>.<\/label>\n\t\t<\/p>\n\t<\/div>\n\t<p><input class=\"wpcf7-form-control wpcf7-submit has-spinner\" type=\"submit\" value=\"Enviar\" \/>\n\t<\/p>\n<\/div><div class=\"wpcf7-response-output\" aria-hidden=\"true\"><\/div>\n<\/form>\n<\/div>\n<\/pee>[\/et_pb_code][\/et_pb_column][\/et_pb_row][\/et_pb_section][et_pb_section fb_built=\u00bb1&#8243; fullwidth=\u00bbon\u00bb _builder_version=\u00bb4.23&#8243; _module_preset=\u00bbdefault\u00bb global_colors_info=\u00bb{}\u00bb][et_pb_fullwidth_code _builder_version=\u00bb4.23&#8243; _module_preset=\u00bbdefault\u00bb global_colors_info=\u00bb{}\u00bb]<iframe src=\"https:\/\/www.google.com\/maps\/embed?pb=!1m18!1m12!1m3!1d2993.5696870467996!2d2.1347180760594204!3d41.38343297130044!2m3!1f0!2f0!3f0!3m2!1i1024!2i768!4f13.1!3m3!1m2!1s0x12a4987d05ce45a3%3A0x88a07c0cfd53f2ae!2sLlibreria%20El%20Gat%20Pelut!5e0!3m2!1ses!2ses!4v1700555194818!5m2!1ses!2ses\" width=\"100%\" height=\"450\" style=\"border:0;\" allowfullscreen=\"\" loading=\"lazy\" referrerpolicy=\"no-referrer-when-downgrade\"><\/iframe>[\/et_pb_fullwidth_code][\/et_pb_section]<\/p>\n","protected":false},"excerpt":{"rendered":"<p>Contacta\u00bfQu\u00e9 maulleres?El Gat Pelut respondeContacta con El Gat Pelut para cualquier tema: encargos, propuestas de actividades, preguntas, inscripciones en nuestra newsletter, presentaciones de tu libro o invitaciones a tomar un caf\u00e9 en la librera. Puedes venir en metro (L3), autob\u00fas (l\u00edneas 54, H10, V5, V7, 78,\u2026), caminando desde la parada del tranv\u00eda de Numancia-Illa Diagonal [&hellip;]<\/p>\n","protected":false},"author":1,"featured_media":0,"parent":0,"menu_order":0,"comment_status":"closed","ping_status":"closed","template":"","meta":{"_et_pb_use_builder":"on","_et_pb_old_content":"","_et_gb_content_width":"","inline_featured_image":false,"footnotes":""},"class_list":["post-2770","page","type-page","status-publish","hentry"],"acf":[],"yoast_head":"<!-- This site is optimized with the Yoast SEO plugin v27.5 - https:\/\/yoast.com\/product\/yoast-seo-wordpress\/ -->\n<title>El Gat Pelut | Tu librer\u00eda de Les Corts | Contacta<\/title>\n<meta name=\"description\" content=\"Contacta con El Gat Pelut para cualquier tema: encargos, propuestas, preguntas, inscripciones en nuestra newsletter o presentaciones de tu libro.\" \/>\n<meta name=\"robots\" content=\"index, follow, max-snippet:-1, max-image-preview:large, max-video-preview:-1\" \/>\n<link rel=\"canonical\" href=\"https:\/\/www.elgatpelut.cat\/es\/contacta\/\" \/>\n<meta property=\"og:locale\" content=\"es_ES\" \/>\n<meta property=\"og:type\" content=\"article\" \/>\n<meta property=\"og:title\" content=\"El Gat Pelut | Tu librer\u00eda de Les Corts | Contacta\" \/>\n<meta property=\"og:description\" content=\"Contacta con El Gat Pelut para cualquier tema: encargos, propuestas, preguntas, inscripciones en nuestra newsletter o presentaciones de tu libro.\" \/>\n<meta property=\"og:url\" content=\"https:\/\/www.elgatpelut.cat\/es\/contacta\/\" \/>\n<meta property=\"og:site_name\" content=\"El Gat Pelut\" \/>\n<meta property=\"article:modified_time\" content=\"2023-12-19T16:01:35+00:00\" \/>\n<meta name=\"twitter:card\" content=\"summary_large_image\" \/>\n<meta name=\"twitter:label1\" content=\"Tiempo de lectura\" \/>\n\t<meta name=\"twitter:data1\" content=\"1 minuto\" \/>\n<script type=\"application\/ld+json\" class=\"yoast-schema-graph\">{\"@context\":\"https:\\\/\\\/schema.org\",\"@graph\":[{\"@type\":\"WebPage\",\"@id\":\"https:\\\/\\\/www.elgatpelut.cat\\\/es\\\/contacta\\\/\",\"url\":\"https:\\\/\\\/www.elgatpelut.cat\\\/es\\\/contacta\\\/\",\"name\":\"El Gat Pelut | Tu librer\u00eda de Les Corts | Contacta\",\"isPartOf\":{\"@id\":\"https:\\\/\\\/www.elgatpelut.cat\\\/#website\"},\"datePublished\":\"2023-11-20T15:09:41+00:00\",\"dateModified\":\"2023-12-19T16:01:35+00:00\",\"description\":\"Contacta con El Gat Pelut para cualquier tema: encargos, propuestas, preguntas, inscripciones en nuestra newsletter o presentaciones de tu libro.\",\"breadcrumb\":{\"@id\":\"https:\\\/\\\/www.elgatpelut.cat\\\/es\\\/contacta\\\/#breadcrumb\"},\"inLanguage\":\"es\",\"potentialAction\":[{\"@type\":\"ReadAction\",\"target\":[\"https:\\\/\\\/www.elgatpelut.cat\\\/es\\\/contacta\\\/\"]}]},{\"@type\":\"BreadcrumbList\",\"@id\":\"https:\\\/\\\/www.elgatpelut.cat\\\/es\\\/contacta\\\/#breadcrumb\",\"itemListElement\":[{\"@type\":\"ListItem\",\"position\":1,\"name\":\"Portada\",\"item\":\"https:\\\/\\\/www.elgatpelut.cat\\\/es\\\/\"},{\"@type\":\"ListItem\",\"position\":2,\"name\":\"Contacta\"}]},{\"@type\":\"WebSite\",\"@id\":\"https:\\\/\\\/www.elgatpelut.cat\\\/#website\",\"url\":\"https:\\\/\\\/www.elgatpelut.cat\\\/\",\"name\":\"El Gat Pelut\",\"description\":\"La teva llibreria de Les Corts\",\"potentialAction\":[{\"@type\":\"SearchAction\",\"target\":{\"@type\":\"EntryPoint\",\"urlTemplate\":\"https:\\\/\\\/www.elgatpelut.cat\\\/?s={search_term_string}\"},\"query-input\":{\"@type\":\"PropertyValueSpecification\",\"valueRequired\":true,\"valueName\":\"search_term_string\"}}],\"inLanguage\":\"es\"}]}<\/script>\n<!-- \/ Yoast SEO plugin. -->","yoast_head_json":{"title":"El Gat Pelut | Tu librer\u00eda de Les Corts | Contacta","description":"Contacta con El Gat Pelut para cualquier tema: encargos, propuestas, preguntas, inscripciones en nuestra newsletter o presentaciones de tu libro.","robots":{"index":"index","follow":"follow","max-snippet":"max-snippet:-1","max-image-preview":"max-image-preview:large","max-video-preview":"max-video-preview:-1"},"canonical":"https:\/\/www.elgatpelut.cat\/es\/contacta\/","og_locale":"es_ES","og_type":"article","og_title":"El Gat Pelut | Tu librer\u00eda de Les Corts | Contacta","og_description":"Contacta con El Gat Pelut para cualquier tema: encargos, propuestas, preguntas, inscripciones en nuestra newsletter o presentaciones de tu libro.","og_url":"https:\/\/www.elgatpelut.cat\/es\/contacta\/","og_site_name":"El Gat Pelut","article_modified_time":"2023-12-19T16:01:35+00:00","twitter_card":"summary_large_image","twitter_misc":{"Tiempo de lectura":"1 minuto"},"schema":{"@context":"https:\/\/schema.org","@graph":[{"@type":"WebPage","@id":"https:\/\/www.elgatpelut.cat\/es\/contacta\/","url":"https:\/\/www.elgatpelut.cat\/es\/contacta\/","name":"El Gat Pelut | Tu librer\u00eda de Les Corts | Contacta","isPartOf":{"@id":"https:\/\/www.elgatpelut.cat\/#website"},"datePublished":"2023-11-20T15:09:41+00:00","dateModified":"2023-12-19T16:01:35+00:00","description":"Contacta con El Gat Pelut para cualquier tema: encargos, propuestas, preguntas, inscripciones en nuestra newsletter o presentaciones de tu libro.","breadcrumb":{"@id":"https:\/\/www.elgatpelut.cat\/es\/contacta\/#breadcrumb"},"inLanguage":"es","potentialAction":[{"@type":"ReadAction","target":["https:\/\/www.elgatpelut.cat\/es\/contacta\/"]}]},{"@type":"BreadcrumbList","@id":"https:\/\/www.elgatpelut.cat\/es\/contacta\/#breadcrumb","itemListElement":[{"@type":"ListItem","position":1,"name":"Portada","item":"https:\/\/www.elgatpelut.cat\/es\/"},{"@type":"ListItem","position":2,"name":"Contacta"}]},{"@type":"WebSite","@id":"https:\/\/www.elgatpelut.cat\/#website","url":"https:\/\/www.elgatpelut.cat\/","name":"El Gat Pelut","description":"La teva llibreria de Les Corts","potentialAction":[{"@type":"SearchAction","target":{"@type":"EntryPoint","urlTemplate":"https:\/\/www.elgatpelut.cat\/?s={search_term_string}"},"query-input":{"@type":"PropertyValueSpecification","valueRequired":true,"valueName":"search_term_string"}}],"inLanguage":"es"}]}},"_links":{"self":[{"href":"https:\/\/www.elgatpelut.cat\/es\/wp-json\/wp\/v2\/pages\/2770","targetHints":{"allow":["GET"]}}],"collection":[{"href":"https:\/\/www.elgatpelut.cat\/es\/wp-json\/wp\/v2\/pages"}],"about":[{"href":"https:\/\/www.elgatpelut.cat\/es\/wp-json\/wp\/v2\/types\/page"}],"author":[{"embeddable":true,"href":"https:\/\/www.elgatpelut.cat\/es\/wp-json\/wp\/v2\/users\/1"}],"replies":[{"embeddable":true,"href":"https:\/\/www.elgatpelut.cat\/es\/wp-json\/wp\/v2\/comments?post=2770"}],"version-history":[{"count":4,"href":"https:\/\/www.elgatpelut.cat\/es\/wp-json\/wp\/v2\/pages\/2770\/revisions"}],"predecessor-version":[{"id":2793,"href":"https:\/\/www.elgatpelut.cat\/es\/wp-json\/wp\/v2\/pages\/2770\/revisions\/2793"}],"wp:attachment":[{"href":"https:\/\/www.elgatpelut.cat\/es\/wp-json\/wp\/v2\/media?parent=2770"}],"curies":[{"name":"wp","href":"https:\/\/api.w.org\/{rel}","templated":true}]}}