{"id":2761,"date":"2023-11-20T16:07:42","date_gmt":"2023-11-20T15:07:42","guid":{"rendered":"https:\/\/elgatpelut.cat\/activigatos\/"},"modified":"2023-12-19T12:31:25","modified_gmt":"2023-12-19T11:31:25","slug":"activigatos","status":"publish","type":"page","link":"https:\/\/www.elgatpelut.cat\/es\/activigatos\/","title":{"rendered":"Activigatos"},"content":{"rendered":"<p>[et_pb_section fb_built=\u00bb1&#8243; _builder_version=\u00bb4.23&#8243; _module_preset=\u00bbdefault\u00bb custom_padding=\u00bb||0px||false|false\u00bb global_colors_info=\u00bb{}\u00bb][et_pb_row _builder_version=\u00bb4.23&#8243; _module_preset=\u00bbdefault\u00bb custom_padding=\u00bb3em||3em||true|false\u00bb locked=\u00bboff\u00bb global_colors_info=\u00bb{}\u00bb][et_pb_column type=\u00bb4_4&#8243; _builder_version=\u00bb4.23&#8243; _module_preset=\u00bbdefault\u00bb global_colors_info=\u00bb{}\u00bb][et_pb_text _builder_version=\u00bb4.23&#8243; _module_preset=\u00bbdefault\u00bb text_font=\u00bbJosefin Sans||||||||\u00bb text_font_size=\u00bb16px\u00bb header_font=\u00bbJosefin Sans||||||||\u00bb header_text_align=\u00bbcenter\u00bb header_text_color=\u00bb#000000&#8243; header_font_size=\u00bb80px\u00bb header_2_text_align=\u00bbcenter\u00bb header_2_text_color=\u00bb#000000&#8243; header_2_font_size=\u00bb34px\u00bb custom_margin=\u00bb||1em||false|false\u00bb global_colors_info=\u00bb{}\u00bb]<\/p>\n<h2 class=\"title-heading-left fusion-responsive-typography-calculated\" data-fontsize=\"90\" data-lineheight=\"108px\">Activi<em>gatos<\/em><\/h2>\n<p>[\/et_pb_text][\/et_pb_column][\/et_pb_row][\/et_pb_section][et_pb_section fb_built=\u00bb1&#8243; module_id=\u00bbseccion-informacion\u00bb _builder_version=\u00bb4.23&#8243; _module_preset=\u00bbdefault\u00bb custom_margin=\u00bb||0px||false|false\u00bb custom_padding=\u00bb0px||0px||true|false\u00bb locked=\u00bboff\u00bb global_colors_info=\u00bb{}\u00bb][et_pb_row _builder_version=\u00bb4.23&#8243; _module_preset=\u00bbdefault\u00bb hover_enabled=\u00bb0&#8243; global_colors_info=\u00bb{}\u00bb width=\u00bb90%\u00bb sticky_enabled=\u00bb0&#8243;][et_pb_column type=\u00bb4_4&#8243; _builder_version=\u00bb4.23&#8243; _module_preset=\u00bbdefault\u00bb global_colors_info=\u00bb{}\u00bb][et_pb_code _builder_version=\u00bb4.23&#8243; _module_preset=\u00bbdefault\u00bb global_colors_info=\u00bb{}\u00bb]<div class='listado-agenda'><article class=\"Febrero 2026\" data-year=\"2026\"><div class=\"detalles-izq\"><p class=\"mes-year\">Febrero 2026<\/p><\/div><div class=\"detalles-dch\"><p class=\"dia\">23<\/p><div><p class=\"fecha\">23\/02\/2026 18:30<\/p><a class=\"titulo\" href=\"https:\/\/www.elgatpelut.cat\/es\/eventos\/club-de-lectura-juvenil-nacio-de-terry-pratchett\/\" title=\"Club de Lectura Juvenil &#8211; Naci\u00f3, de Terry Pratchett\"><h2>Club de Lectura Juvenil &#8211; Naci\u00f3, de Terry Pratchett<\/h2><\/a><p class=\"ubicacion\">Caballero 58, 08014 Barcelona<\/p><\/div><img decoding=\"async\" src=\"https:\/\/www.elgatpelut.cat\/wp-content\/uploads\/2026\/01\/51-300x300.jpg\" height=\"400px\"\/><\/div><\/article><article class=\"Febrero 2026\" data-year=\"2026\"><div class=\"detalles-izq\"><p class=\"mes-year\">Febrero 2026<\/p><\/div><div class=\"detalles-dch\"><p class=\"dia\">21<\/p><div><p class=\"fecha\">21\/02\/2026 12:00<\/p><a class=\"titulo\" href=\"https:\/\/www.elgatpelut.cat\/es\/eventos\/contacontes-que-llegeixes-amb-nayat-kaid-ferron\/\" title=\"Contacontes &#8211; Qu\u00e8 llegeixes? amb Nayat Kaid Ferron\"><h2>Contacontes &#8211; Qu\u00e8 llegeixes? amb Nayat Kaid Ferron<\/h2><\/a><p class=\"ubicacion\">Caballero 58, 08014 Barcelona<\/p><\/div><img decoding=\"async\" src=\"https:\/\/www.elgatpelut.cat\/wp-content\/uploads\/2026\/01\/50-300x300.jpg\" height=\"400px\"\/><\/div><\/article><article class=\"Febrero 2026\" data-year=\"2026\"><div class=\"detalles-izq\"><p class=\"mes-year\">Febrero 2026<\/p><\/div><div class=\"detalles-dch\"><p class=\"dia\">17<\/p><div><p class=\"fecha\">17\/02\/2026 18:30<\/p><a class=\"titulo\" href=\"https:\/\/www.elgatpelut.cat\/es\/eventos\/club-de-lectura-infantil-lilla-dels-murmuris\/\" title=\"Club de Lectura Infantil &#8211; L&#8217;illa dels murmuris\"><h2>Club de Lectura Infantil &#8211; L&#8217;illa dels murmuris<\/h2><\/a><p class=\"ubicacion\">Caballero 58, 08014 Barcelona<\/p><\/div><img decoding=\"async\" src=\"https:\/\/www.elgatpelut.cat\/wp-content\/uploads\/2026\/01\/49-300x300.jpg\" height=\"400px\"\/><\/div><\/article><article class=\"Febrero 2026\" data-year=\"2026\"><div class=\"detalles-izq\"><p class=\"mes-year\">Febrero 2026<\/p><\/div><div class=\"detalles-dch\"><p class=\"dia\">10<\/p><div><p class=\"fecha\">10\/02\/2026 19:00<\/p><a class=\"titulo\" href=\"https:\/\/www.elgatpelut.cat\/es\/eventos\/club-de-lectura-per-a-adults-nacio-de-terry-pratchett\/\" title=\"Club de Lectura per a Adults &#8211; Naci\u00f3, de Terry Pratchett\"><h2>Club de Lectura per a Adults &#8211; Naci\u00f3, de Terry Pratchett<\/h2><\/a><p class=\"ubicacion\">Caballero 58, 08014 Barcelona<\/p><\/div><img decoding=\"async\" src=\"https:\/\/www.elgatpelut.cat\/wp-content\/uploads\/2026\/01\/48-300x300.jpg\" height=\"400px\"\/><\/div><\/article><article class=\"Febrero 2026\" data-year=\"2026\"><div class=\"detalles-izq\"><p class=\"mes-year\">Febrero 2026<\/p><\/div><div class=\"detalles-dch\"><p class=\"dia\">07<\/p><div><p class=\"fecha\">07\/02\/2026 12:00<\/p><a class=\"titulo\" href=\"https:\/\/www.elgatpelut.cat\/es\/eventos\/contacontes-blanc-contes-per-nadons\/\" title=\"Contacontes &#8211; Blanc, contes per nadons amb Lorena\"><h2>Contacontes &#8211; Blanc, contes per nadons amb Lorena<\/h2><\/a><p class=\"ubicacion\">Caballero 58, 08014 Barcelona<\/p><\/div><img decoding=\"async\" src=\"https:\/\/www.elgatpelut.cat\/wp-content\/uploads\/2026\/01\/47-300x300.jpg\" height=\"400px\"\/><\/div><\/article><article class=\"Enero 2026\" data-year=\"2026\"><div class=\"detalles-izq\"><p class=\"mes-year\">Enero 2026<\/p><\/div><div class=\"detalles-dch\"><p class=\"dia\">31<\/p><div><p class=\"fecha\">31\/01\/2026 12:00<\/p><a class=\"titulo\" href=\"https:\/\/www.elgatpelut.cat\/es\/eventos\/un-mon-de-contes-amb-english-with-little-2\/\" title=\"Un M\u00f3n de Contes amb&#8230; English with Little &#8211; Storytime\"><h2>Un M\u00f3n de Contes amb&#8230; English with Little &#8211; Storytime<\/h2><\/a><p class=\"ubicacion\">Caballero 58, 08014 Barcelona<\/p><\/div><img decoding=\"async\" src=\"https:\/\/www.elgatpelut.cat\/wp-content\/uploads\/2025\/12\/Posts-Diaris-NoveGATs-37-300x300.png\" height=\"400px\"\/><\/div><\/article><article class=\"Enero 2026\" data-year=\"2026\"><div class=\"detalles-izq\"><p class=\"mes-year\">Enero 2026<\/p><\/div><div class=\"detalles-dch\"><p class=\"dia\">26<\/p><div><p class=\"fecha\">26\/01\/2026 18:30<\/p><a class=\"titulo\" href=\"https:\/\/www.elgatpelut.cat\/es\/eventos\/club-de-lectura-juvenil-la-veu-de-les-ombres\/\" title=\"Club de Lectura Juvenil &#8211; La veu de les ombres, de Frances Hardinge\"><h2>Club de Lectura Juvenil &#8211; La veu de les ombres, de Frances Hardinge<\/h2><\/a><p class=\"ubicacion\">Caballero 58, 08014 Barcelona<\/p><\/div><img decoding=\"async\" src=\"https:\/\/www.elgatpelut.cat\/wp-content\/uploads\/2025\/12\/Posts-Diaris-NoveGATs-40-300x300.png\" height=\"400px\"\/><\/div><\/article><article class=\"Enero 2026\" data-year=\"2026\"><div class=\"detalles-izq\"><p class=\"mes-year\">Enero 2026<\/p><\/div><div class=\"detalles-dch\"><p class=\"dia\">20<\/p><div><p class=\"fecha\">20\/01\/2026 18:30<\/p><a class=\"titulo\" href=\"https:\/\/www.elgatpelut.cat\/es\/eventos\/club-de-lectura-infantil-no-goseu-ensinistrar-el-meu-drac\/\" title=\"Club de Lectura Infantil &#8211; No goseu ensinistrar el meu drac\"><h2>Club de Lectura Infantil &#8211; No goseu ensinistrar el meu drac<\/h2><\/a><p class=\"ubicacion\">Caballero 58, 08014 Barcelona<\/p><\/div><img decoding=\"async\" src=\"https:\/\/www.elgatpelut.cat\/wp-content\/uploads\/2025\/12\/Posts-Diaris-NoveGATs-39-300x300.png\" height=\"400px\"\/><\/div><\/article><article class=\"Enero 2026\" data-year=\"2026\"><div class=\"detalles-izq\"><p class=\"mes-year\">Enero 2026<\/p><\/div><div class=\"detalles-dch\"><p class=\"dia\">17<\/p><div><p class=\"fecha\">17\/01\/2026 12:00<\/p><a class=\"titulo\" href=\"https:\/\/www.elgatpelut.cat\/es\/eventos\/contacontes-i-taller-la-bestiola-dins-del-llibre\/\" title=\"Contacontes i taller &#8211; La bestiola dins del llibre amb Elsa Roche\"><h2>Contacontes i taller &#8211; La bestiola dins del llibre amb Elsa Roche<\/h2><\/a><p class=\"ubicacion\">Caballero 58, 08014 Barcelona<\/p><\/div><img decoding=\"async\" src=\"https:\/\/www.elgatpelut.cat\/wp-content\/uploads\/2025\/09\/Posts-Diaris-NoveGATs-36-300x300.png\" height=\"400px\"\/><\/div><\/article><article class=\"Enero 2026\" data-year=\"2026\"><div class=\"detalles-izq\"><p class=\"mes-year\">Enero 2026<\/p><\/div><div class=\"detalles-dch\"><p class=\"dia\">13<\/p><div><p class=\"fecha\">13\/01\/2026 19:00<\/p><a class=\"titulo\" href=\"https:\/\/www.elgatpelut.cat\/es\/eventos\/club-de-lectura-per-a-adults-el-frau-de-zadie-smith\/\" title=\"Club de Lectura per a Adults &#8211; El frau, de Zadie Smith\"><h2>Club de Lectura per a Adults &#8211; El frau, de Zadie Smith<\/h2><\/a><p class=\"ubicacion\">Caballero 58, 08014 Barcelona<\/p><\/div><img decoding=\"async\" src=\"https:\/\/www.elgatpelut.cat\/wp-content\/uploads\/2025\/12\/Posts-Diaris-NoveGATs-38-300x300.png\" height=\"400px\"\/><\/div><\/article><\/div>[\/et_pb_code][\/et_pb_column][\/et_pb_row][\/et_pb_section]<\/p>\n","protected":false},"excerpt":{"rendered":"<p>[et_pb_section fb_built=\u00bb1&#8243; _builder_version=\u00bb4.23&#8243; _module_preset=\u00bbdefault\u00bb custom_padding=\u00bb||0px||false|false\u00bb global_colors_info=\u00bb{}\u00bb][et_pb_row _builder_version=\u00bb4.23&#8243; _module_preset=\u00bbdefault\u00bb custom_padding=\u00bb3em||3em||true|false\u00bb locked=\u00bboff\u00bb global_colors_info=\u00bb{}\u00bb][et_pb_column type=\u00bb4_4&#8243; _builder_version=\u00bb4.23&#8243; _module_preset=\u00bbdefault\u00bb global_colors_info=\u00bb{}\u00bb][et_pb_text _builder_version=\u00bb4.23&#8243; _module_preset=\u00bbdefault\u00bb text_font=\u00bbJosefin Sans||||||||\u00bb text_font_size=\u00bb16px\u00bb header_font=\u00bbJosefin Sans||||||||\u00bb header_text_align=\u00bbcenter\u00bb header_text_color=\u00bb#000000&#8243; header_font_size=\u00bb80px\u00bb header_2_text_align=\u00bbcenter\u00bb header_2_text_color=\u00bb#000000&#8243; header_2_font_size=\u00bb34px\u00bb custom_margin=\u00bb||1em||false|false\u00bb global_colors_info=\u00bb{}\u00bb] Activigatos [\/et_pb_text][\/et_pb_column][\/et_pb_row][\/et_pb_section][et_pb_section fb_built=\u00bb1&#8243; module_id=\u00bbseccion-informacion\u00bb _builder_version=\u00bb4.23&#8243; _module_preset=\u00bbdefault\u00bb custom_margin=\u00bb||0px||false|false\u00bb custom_padding=\u00bb0px||0px||true|false\u00bb locked=\u00bboff\u00bb global_colors_info=\u00bb{}\u00bb][et_pb_row _builder_version=\u00bb4.23&#8243; _module_preset=\u00bbdefault\u00bb hover_enabled=\u00bb0&#8243; global_colors_info=\u00bb{}\u00bb width=\u00bb90%\u00bb sticky_enabled=\u00bb0&#8243;][et_pb_column type=\u00bb4_4&#8243; _builder_version=\u00bb4.23&#8243; _module_preset=\u00bbdefault\u00bb global_colors_info=\u00bb{}\u00bb][et_pb_code _builder_version=\u00bb4.23&#8243; _module_preset=\u00bbdefault\u00bb global_colors_info=\u00bb{}\u00bb][\/et_pb_code][\/et_pb_column][\/et_pb_row][\/et_pb_section]<\/p>\n","protected":false},"author":1,"featured_media":0,"parent":0,"menu_order":0,"comment_status":"closed","ping_status":"closed","template":"","meta":{"_et_pb_use_builder":"on","_et_pb_old_content":"","_et_gb_content_width":"","inline_featured_image":false,"footnotes":""},"class_list":["post-2761","page","type-page","status-publish","hentry"],"acf":[],"yoast_head":"<!-- This site is optimized with the Yoast SEO plugin v27.5 - https:\/\/yoast.com\/product\/yoast-seo-wordpress\/ -->\n<title>El Gat Pelut | Tu librer\u00eda de Les Corts | Actividades<\/title>\n<meta name=\"description\" content=\"Somos un espacio de difusi\u00f3n de cultura. Un punto de encuentro literario. Somos un lugar donde todos los amantes de la lectura podr\u00e1n encontrarse y compartir sus gustos, inquietudes y man\u00edas literarias.\" \/>\n<meta name=\"robots\" content=\"index, follow, max-snippet:-1, max-image-preview:large, max-video-preview:-1\" \/>\n<link rel=\"canonical\" href=\"https:\/\/www.elgatpelut.cat\/es\/activigatos\/\" \/>\n<meta property=\"og:locale\" content=\"es_ES\" \/>\n<meta property=\"og:type\" content=\"article\" \/>\n<meta property=\"og:title\" content=\"El Gat Pelut | Tu librer\u00eda de Les Corts | Actividades\" \/>\n<meta property=\"og:description\" content=\"Somos un espacio de difusi\u00f3n de cultura. Un punto de encuentro literario. Somos un lugar donde todos los amantes de la lectura podr\u00e1n encontrarse y compartir sus gustos, inquietudes y man\u00edas literarias.\" \/>\n<meta property=\"og:url\" content=\"https:\/\/www.elgatpelut.cat\/es\/activigatos\/\" \/>\n<meta property=\"og:site_name\" content=\"El Gat Pelut\" \/>\n<meta property=\"article:modified_time\" content=\"2023-12-19T11:31:25+00:00\" \/>\n<meta name=\"twitter:card\" content=\"summary_large_image\" \/>\n<meta name=\"twitter:label1\" content=\"Tiempo de lectura\" \/>\n\t<meta name=\"twitter:data1\" content=\"1 minuto\" \/>\n<script type=\"application\/ld+json\" class=\"yoast-schema-graph\">{\"@context\":\"https:\\\/\\\/schema.org\",\"@graph\":[{\"@type\":\"WebPage\",\"@id\":\"https:\\\/\\\/www.elgatpelut.cat\\\/es\\\/activigatos\\\/\",\"url\":\"https:\\\/\\\/www.elgatpelut.cat\\\/es\\\/activigatos\\\/\",\"name\":\"El Gat Pelut | Tu librer\u00eda de Les Corts | Actividades\",\"isPartOf\":{\"@id\":\"https:\\\/\\\/www.elgatpelut.cat\\\/#website\"},\"datePublished\":\"2023-11-20T15:07:42+00:00\",\"dateModified\":\"2023-12-19T11:31:25+00:00\",\"description\":\"Somos un espacio de difusi\u00f3n de cultura. Un punto de encuentro literario. Somos un lugar donde todos los amantes de la lectura podr\u00e1n encontrarse y compartir sus gustos, inquietudes y man\u00edas literarias.\",\"breadcrumb\":{\"@id\":\"https:\\\/\\\/www.elgatpelut.cat\\\/es\\\/activigatos\\\/#breadcrumb\"},\"inLanguage\":\"es\",\"potentialAction\":[{\"@type\":\"ReadAction\",\"target\":[\"https:\\\/\\\/www.elgatpelut.cat\\\/es\\\/activigatos\\\/\"]}]},{\"@type\":\"BreadcrumbList\",\"@id\":\"https:\\\/\\\/www.elgatpelut.cat\\\/es\\\/activigatos\\\/#breadcrumb\",\"itemListElement\":[{\"@type\":\"ListItem\",\"position\":1,\"name\":\"Portada\",\"item\":\"https:\\\/\\\/www.elgatpelut.cat\\\/es\\\/\"},{\"@type\":\"ListItem\",\"position\":2,\"name\":\"Activigatos\"}]},{\"@type\":\"WebSite\",\"@id\":\"https:\\\/\\\/www.elgatpelut.cat\\\/#website\",\"url\":\"https:\\\/\\\/www.elgatpelut.cat\\\/\",\"name\":\"El Gat Pelut\",\"description\":\"La teva llibreria de Les Corts\",\"potentialAction\":[{\"@type\":\"SearchAction\",\"target\":{\"@type\":\"EntryPoint\",\"urlTemplate\":\"https:\\\/\\\/www.elgatpelut.cat\\\/?s={search_term_string}\"},\"query-input\":{\"@type\":\"PropertyValueSpecification\",\"valueRequired\":true,\"valueName\":\"search_term_string\"}}],\"inLanguage\":\"es\"}]}<\/script>\n<!-- \/ Yoast SEO plugin. -->","yoast_head_json":{"title":"El Gat Pelut | Tu librer\u00eda de Les Corts | Actividades","description":"Somos un espacio de difusi\u00f3n de cultura. Un punto de encuentro literario. Somos un lugar donde todos los amantes de la lectura podr\u00e1n encontrarse y compartir sus gustos, inquietudes y man\u00edas literarias.","robots":{"index":"index","follow":"follow","max-snippet":"max-snippet:-1","max-image-preview":"max-image-preview:large","max-video-preview":"max-video-preview:-1"},"canonical":"https:\/\/www.elgatpelut.cat\/es\/activigatos\/","og_locale":"es_ES","og_type":"article","og_title":"El Gat Pelut | Tu librer\u00eda de Les Corts | Actividades","og_description":"Somos un espacio de difusi\u00f3n de cultura. Un punto de encuentro literario. Somos un lugar donde todos los amantes de la lectura podr\u00e1n encontrarse y compartir sus gustos, inquietudes y man\u00edas literarias.","og_url":"https:\/\/www.elgatpelut.cat\/es\/activigatos\/","og_site_name":"El Gat Pelut","article_modified_time":"2023-12-19T11:31:25+00:00","twitter_card":"summary_large_image","twitter_misc":{"Tiempo de lectura":"1 minuto"},"schema":{"@context":"https:\/\/schema.org","@graph":[{"@type":"WebPage","@id":"https:\/\/www.elgatpelut.cat\/es\/activigatos\/","url":"https:\/\/www.elgatpelut.cat\/es\/activigatos\/","name":"El Gat Pelut | Tu librer\u00eda de Les Corts | Actividades","isPartOf":{"@id":"https:\/\/www.elgatpelut.cat\/#website"},"datePublished":"2023-11-20T15:07:42+00:00","dateModified":"2023-12-19T11:31:25+00:00","description":"Somos un espacio de difusi\u00f3n de cultura. Un punto de encuentro literario. Somos un lugar donde todos los amantes de la lectura podr\u00e1n encontrarse y compartir sus gustos, inquietudes y man\u00edas literarias.","breadcrumb":{"@id":"https:\/\/www.elgatpelut.cat\/es\/activigatos\/#breadcrumb"},"inLanguage":"es","potentialAction":[{"@type":"ReadAction","target":["https:\/\/www.elgatpelut.cat\/es\/activigatos\/"]}]},{"@type":"BreadcrumbList","@id":"https:\/\/www.elgatpelut.cat\/es\/activigatos\/#breadcrumb","itemListElement":[{"@type":"ListItem","position":1,"name":"Portada","item":"https:\/\/www.elgatpelut.cat\/es\/"},{"@type":"ListItem","position":2,"name":"Activigatos"}]},{"@type":"WebSite","@id":"https:\/\/www.elgatpelut.cat\/#website","url":"https:\/\/www.elgatpelut.cat\/","name":"El Gat Pelut","description":"La teva llibreria de Les Corts","potentialAction":[{"@type":"SearchAction","target":{"@type":"EntryPoint","urlTemplate":"https:\/\/www.elgatpelut.cat\/?s={search_term_string}"},"query-input":{"@type":"PropertyValueSpecification","valueRequired":true,"valueName":"search_term_string"}}],"inLanguage":"es"}]}},"_links":{"self":[{"href":"https:\/\/www.elgatpelut.cat\/es\/wp-json\/wp\/v2\/pages\/2761","targetHints":{"allow":["GET"]}}],"collection":[{"href":"https:\/\/www.elgatpelut.cat\/es\/wp-json\/wp\/v2\/pages"}],"about":[{"href":"https:\/\/www.elgatpelut.cat\/es\/wp-json\/wp\/v2\/types\/page"}],"author":[{"embeddable":true,"href":"https:\/\/www.elgatpelut.cat\/es\/wp-json\/wp\/v2\/users\/1"}],"replies":[{"embeddable":true,"href":"https:\/\/www.elgatpelut.cat\/es\/wp-json\/wp\/v2\/comments?post=2761"}],"version-history":[{"count":3,"href":"https:\/\/www.elgatpelut.cat\/es\/wp-json\/wp\/v2\/pages\/2761\/revisions"}],"predecessor-version":[{"id":2941,"href":"https:\/\/www.elgatpelut.cat\/es\/wp-json\/wp\/v2\/pages\/2761\/revisions\/2941"}],"wp:attachment":[{"href":"https:\/\/www.elgatpelut.cat\/es\/wp-json\/wp\/v2\/media?parent=2761"}],"curies":[{"name":"wp","href":"https:\/\/api.w.org\/{rel}","templated":true}]}}